{"id":3251,"date":"2021-03-25T10:51:04","date_gmt":"2021-03-25T09:51:04","guid":{"rendered":"https:\/\/klam.immo\/manifesto\/"},"modified":"2024-05-27T11:27:39","modified_gmt":"2024-05-27T09:27:39","slug":"manifesto","status":"publish","type":"page","link":"https:\/\/klam.immo\/de\/manifesto\/","title":{"rendered":"Manifesto"},"content":{"rendered":"\t\t<div data-elementor-type=\"wp-page\" data-elementor-id=\"3251\" class=\"elementor elementor-3251 elementor-676\" data-elementor-post-type=\"page\">\n\t\t\t\t\t\t<section class=\"elementor-section elementor-top-section elementor-element elementor-element-1313db1 elementor-section-boxed elementor-section-height-default elementor-section-height-default\" data-id=\"1313db1\" data-element_type=\"section\">\n\t\t\t\t\t\t<div class=\"elementor-container elementor-column-gap-default\">\n\t\t\t\t\t<div class=\"elementor-column elementor-col-100 elementor-top-column elementor-element elementor-element-3582480\" data-id=\"3582480\" data-element_type=\"column\" data-settings=\"{&quot;background_background&quot;:&quot;classic&quot;}\">\n\t\t\t<div class=\"elementor-widget-wrap elementor-element-populated\">\n\t\t\t\t\t<div class=\"elementor-background-overlay\"><\/div>\n\t\t\t\t\t\t<section class=\"elementor-section elementor-inner-section elementor-element elementor-element-8b98e7d elementor-section-boxed elementor-section-height-default elementor-section-height-default\" data-id=\"8b98e7d\" data-element_type=\"section\" data-settings=\"{&quot;background_background&quot;:&quot;classic&quot;}\">\n\t\t\t\t\t\t<div class=\"elementor-container elementor-column-gap-default\">\n\t\t\t\t\t<div class=\"elementor-column elementor-col-100 elementor-inner-column elementor-element elementor-element-91b9229\" data-id=\"91b9229\" data-element_type=\"column\">\n\t\t\t<div class=\"elementor-widget-wrap elementor-element-populated\">\n\t\t\t\t\t\t<div class=\"elementor-element elementor-element-3343250 elementor-widget elementor-widget-image\" data-id=\"3343250\" data-element_type=\"widget\" data-widget_type=\"image.default\">\n\t\t\t\t<div class=\"elementor-widget-container\">\n\t\t\t\t\t\t\t\t\t\t\t\t\t<img fetchpriority=\"high\" decoding=\"async\" width=\"1024\" height=\"1024\" src=\"https:\/\/klam.immo\/wp-content\/uploads\/2021\/02\/klam.svg\" class=\"attachment-large size-large wp-image-3038\" alt=\"\" srcset=\"https:\/\/klam.immo\/wp-content\/uploads\/\/2021\/02\/klam.svg 150w, https:\/\/klam.immo\/wp-content\/uploads\/\/2021\/02\/klam.svg 300w, https:\/\/klam.immo\/wp-content\/uploads\/\/2021\/02\/klam.svg 1024w, https:\/\/klam.immo\/wp-content\/uploads\/\/2021\/02\/klam.svg 100w\" sizes=\"(max-width: 1024px) 100vw, 1024px\" \/>\t\t\t\t\t\t\t\t\t\t\t\t\t<\/div>\n\t\t\t\t<\/div>\n\t\t\t\t<div class=\"elementor-element elementor-element-fa9be25 elementor-widget elementor-widget-heading\" data-id=\"fa9be25\" data-element_type=\"widget\" data-widget_type=\"heading.default\">\n\t\t\t\t<div class=\"elementor-widget-container\">\n\t\t\t<h1 class=\"elementor-heading-title elementor-size-default\">Dies ist unsere Botschaft<\/h1>\t\t<\/div>\n\t\t\t\t<\/div>\n\t\t\t\t<div class=\"elementor-element elementor-element-e7bdfff elementor-widget elementor-widget-text-editor\" data-id=\"e7bdfff\" data-element_type=\"widget\" data-widget_type=\"text-editor.default\">\n\t\t\t\t<div class=\"elementor-widget-container\">\n\t\t\t\t\t\t\t<div class=\"page\" title=\"Page 1\"><div class=\"section\"><div class=\"layoutArea\"><div class=\"column\"><p>UNSER ZIEL IST EINFACH: WIR WOLLEN MENSCHEN EINZIGARTIGE WOHNERLEBNISSE BIETEN.<\/p><p>HERAUSRAGENDES DESIGN, MODERNES INTERIEUR, EIN INTELLIGENTER GRUNDRISS MIT VIEL PLATZ, EINE OPTIMALE LAGE \u2013 GENAU DAS IST UNSERE DEFINITION EINES PERFEKTEN ZUHAUSES.<\/p><p>PASSION IST UNSERE GR\u00d6SSTE ST\u00c4RKE UND SIE STEHT IM MITTELPUNKT VON ALLEM WAS WIR TUN. WIR WISSEN N\u00c4MLICH, DASS EIN ZUHAUSE MEHR IST ALS EIN EINGANG MIT VIER W\u00c4NDEN UND EINEM DACH. ES IST DIE GRUNDLAGE DES LEBENS, DAS WIR GEMEINSAM MIT JENEN MENSCHEN F\u00dcHREN, DIE WIR LIEBEN.<\/p><p>DESHALB GEHEN WIR MIT VIEL HINGABE ANS WERK UND KREIEREN WOHNR\u00c4UME DIE SO LIEBEVOLL GESTALTET SIND, DASS ES EINE FREUDE IST, IN IHNEN AUFZUWACHEN &#8211; JEDEN TAG AUFS NEUE.<\/p><p>WENN UNSERE ARBEIT ES MENSCHEN ERM\u00d6GLICHT, SICH WOHLZUF\u00dcHLEN IN EINEM ZUHAUSE, DAS IHREN BED\u00dcRFNISSEN VOLL UND GANZ ENTSPRICHT, GENAU DANN HABEN WIR UNSER ZIEL ERREICHT.<\/p><\/div><\/div><\/div><\/div>\t\t\t\t\t\t<\/div>\n\t\t\t\t<\/div>\n\t\t\t\t<div class=\"elementor-element elementor-element-953301c elementor-widget elementor-widget-image\" data-id=\"953301c\" data-element_type=\"widget\" data-widget_type=\"image.default\">\n\t\t\t\t<div class=\"elementor-widget-container\">\n\t\t\t\t\t\t\t\t\t\t\t\t\t<img decoding=\"async\" width=\"1024\" height=\"1024\" src=\"https:\/\/klam.immo\/wp-content\/uploads\/2021\/02\/real_estate.svg\" class=\"attachment-large size-large wp-image-3036\" alt=\"\" srcset=\"https:\/\/klam.immo\/wp-content\/uploads\/\/2021\/02\/real_estate.svg 150w, https:\/\/klam.immo\/wp-content\/uploads\/\/2021\/02\/real_estate.svg 300w, https:\/\/klam.immo\/wp-content\/uploads\/\/2021\/02\/real_estate.svg 1024w, https:\/\/klam.immo\/wp-content\/uploads\/\/2021\/02\/real_estate.svg 100w\" sizes=\"(max-width: 1024px) 100vw, 1024px\" \/>\t\t\t\t\t\t\t\t\t\t\t\t\t<\/div>\n\t\t\t\t<\/div>\n\t\t\t\t<div class=\"elementor-element elementor-element-13a95e8 elementor-absolute elementor-widget elementor-widget-image\" data-id=\"13a95e8\" data-element_type=\"widget\" data-settings=\"{&quot;_position&quot;:&quot;absolute&quot;}\" data-widget_type=\"image.default\">\n\t\t\t\t<div class=\"elementor-widget-container\">\n\t\t\t\t\t\t\t\t\t\t\t\t\t<img decoding=\"async\" width=\"1024\" height=\"1024\" src=\"https:\/\/klam.immo\/wp-content\/uploads\/2021\/02\/klam_rojo.svg\" class=\"attachment-large size-large wp-image-3037\" alt=\"\" srcset=\"https:\/\/klam.immo\/wp-content\/uploads\/\/2021\/02\/klam_rojo.svg 150w, https:\/\/klam.immo\/wp-content\/uploads\/\/2021\/02\/klam_rojo.svg 300w, https:\/\/klam.immo\/wp-content\/uploads\/\/2021\/02\/klam_rojo.svg 1024w, https:\/\/klam.immo\/wp-content\/uploads\/\/2021\/02\/klam_rojo.svg 100w\" sizes=\"(max-width: 1024px) 100vw, 1024px\" \/>\t\t\t\t\t\t\t\t\t\t\t\t\t<\/div>\n\t\t\t\t<\/div>\n\t\t\t\t\t<\/div>\n\t\t<\/div>\n\t\t\t\t\t<\/div>\n\t\t<\/section>\n\t\t\t\t\t<\/div>\n\t\t<\/div>\n\t\t\t\t\t<\/div>\n\t\t<\/section>\n\t\t\t\t<section class=\"elementor-section elementor-top-section elementor-element elementor-element-d51e9e8 elementor-section-boxed elementor-section-height-default elementor-section-height-default\" data-id=\"d51e9e8\" data-element_type=\"section\">\n\t\t\t\t\t\t<div class=\"elementor-container elementor-column-gap-no\">\n\t\t\t\t\t<div class=\"elementor-column elementor-col-33 elementor-top-column elementor-element elementor-element-62a2d8c\" data-id=\"62a2d8c\" data-element_type=\"column\">\n\t\t\t<div class=\"elementor-widget-wrap elementor-element-populated\">\n\t\t\t\t\t\t<div class=\"elementor-element elementor-element-4de663a elementor-flip-box--effect-fade elementor-widget elementor-widget-flip-box\" data-id=\"4de663a\" data-element_type=\"widget\" data-widget_type=\"flip-box.default\">\n\t\t\t\t<div class=\"elementor-widget-container\">\n\t\t\t\t\t<div class=\"elementor-flip-box\" tabindex=\"0\">\n\t\t\t<div class=\"elementor-flip-box__layer elementor-flip-box__front\">\n\t\t\t\t<div class=\"elementor-flip-box__layer__overlay\">\n\t\t\t\t\t<div class=\"elementor-flip-box__layer__inner\">\n\t\t\t\t\t\t\n\t\t\t\t\t\t\t\t\t\t\t\t\t<h3 class=\"elementor-flip-box__layer__title\">\n\t\t\t\t\t\t\t\tWIR KAUFEN IHRE IMMOBILIEN\t\t\t\t\t\t\t<\/h3>\n\t\t\t\t\t\t\n\t\t\t\t\t\t\t\t\t\t\t\t\t<div class=\"elementor-flip-box__layer__description\">\n\t\t\t\t\t\t\t\tEntdecken Sie unseren Kaufprozess\t\t\t\t\t\t\t<\/div>\n\t\t\t\t\t\t\t\t\t\t\t<\/div>\n\t\t\t\t<\/div>\n\t\t\t<\/div>\n\t\t\t<a class=\"elementor-flip-box__layer elementor-flip-box__back\" href=\"https:\/\/klam.immo\/de\/hausverkauf-wir-kaufen-ihr-haus\/\">\n\t\t\t<div class=\"elementor-flip-box__layer__overlay\">\n\t\t\t\t<div class=\"elementor-flip-box__layer__inner\">\n\t\t\t\t\t\n\t\t\t\t\t\n\t\t\t\t\t\t\t\t<\/div>\n\t\t<\/div>\n\t\t<\/a>\n\t\t<\/div>\n\t\t\t\t<\/div>\n\t\t\t\t<\/div>\n\t\t\t\t\t<\/div>\n\t\t<\/div>\n\t\t\t\t<div class=\"elementor-column elementor-col-33 elementor-top-column elementor-element elementor-element-b2c35ed\" data-id=\"b2c35ed\" data-element_type=\"column\">\n\t\t\t<div class=\"elementor-widget-wrap elementor-element-populated\">\n\t\t\t\t\t\t<div class=\"elementor-element elementor-element-c39d883 elementor-flip-box--effect-fade elementor-widget elementor-widget-flip-box\" data-id=\"c39d883\" data-element_type=\"widget\" data-widget_type=\"flip-box.default\">\n\t\t\t\t<div class=\"elementor-widget-container\">\n\t\t\t\t\t<div class=\"elementor-flip-box\" tabindex=\"0\">\n\t\t\t<div class=\"elementor-flip-box__layer elementor-flip-box__front\">\n\t\t\t\t<div class=\"elementor-flip-box__layer__overlay\">\n\t\t\t\t\t<div class=\"elementor-flip-box__layer__inner\">\n\t\t\t\t\t\t\n\t\t\t\t\t\t\t\t\t\t\t\t\t<h3 class=\"elementor-flip-box__layer__title\">\n\t\t\t\t\t\t\t\tPARTNER\t\t\t\t\t\t\t<\/h3>\n\t\t\t\t\t\t\n\t\t\t\t\t\t\t\t\t\t\t\t\t<div class=\"elementor-flip-box__layer__description\">\n\t\t\t\t\t\t\t\tLieferanten, Kollegen, Mitarbeiter und Freunde\t\t\t\t\t\t\t<\/div>\n\t\t\t\t\t\t\t\t\t\t\t<\/div>\n\t\t\t\t<\/div>\n\t\t\t<\/div>\n\t\t\t<a class=\"elementor-flip-box__layer elementor-flip-box__back\" href=\"https:\/\/klam.immo\/de\/unsere-partner\/\">\n\t\t\t<div class=\"elementor-flip-box__layer__overlay\">\n\t\t\t\t<div class=\"elementor-flip-box__layer__inner\">\n\t\t\t\t\t\n\t\t\t\t\t\n\t\t\t\t\t\t\t\t<\/div>\n\t\t<\/div>\n\t\t<\/a>\n\t\t<\/div>\n\t\t\t\t<\/div>\n\t\t\t\t<\/div>\n\t\t\t\t\t<\/div>\n\t\t<\/div>\n\t\t\t\t<div class=\"elementor-column elementor-col-33 elementor-top-column elementor-element elementor-element-b36afcd\" data-id=\"b36afcd\" data-element_type=\"column\">\n\t\t\t<div class=\"elementor-widget-wrap elementor-element-populated\">\n\t\t\t\t\t\t<div class=\"elementor-element elementor-element-3f18582 elementor-flip-box--effect-fade elementor-widget elementor-widget-flip-box\" data-id=\"3f18582\" data-element_type=\"widget\" data-widget_type=\"flip-box.default\">\n\t\t\t\t<div class=\"elementor-widget-container\">\n\t\t\t\t\t<div class=\"elementor-flip-box\" tabindex=\"0\">\n\t\t\t<div class=\"elementor-flip-box__layer elementor-flip-box__front\">\n\t\t\t\t<div class=\"elementor-flip-box__layer__overlay\">\n\t\t\t\t\t<div class=\"elementor-flip-box__layer__inner\">\n\t\t\t\t\t\t\n\t\t\t\t\t\t\t\t\t\t\t\t\t<h3 class=\"elementor-flip-box__layer__title\">\n\t\t\t\t\t\t\t\tWAS GIBT'S NEUES\t\t\t\t\t\t\t<\/h3>\n\t\t\t\t\t\t\n\t\t\t\t\t\t\t\t\t\t\t\t\t<div class=\"elementor-flip-box__layer__description\">\n\t\t\t\t\t\t\t\tBleiben Sie auf dem neuesten Stand mit unseren neuesten Nachrichten \t\t\t\t\t\t\t<\/div>\n\t\t\t\t\t\t\t\t\t\t\t<\/div>\n\t\t\t\t<\/div>\n\t\t\t<\/div>\n\t\t\t<a class=\"elementor-flip-box__layer elementor-flip-box__back\" href=\"https:\/\/klam.immo\/de\/was-gibts-neues\/\">\n\t\t\t<div class=\"elementor-flip-box__layer__overlay\">\n\t\t\t\t<div class=\"elementor-flip-box__layer__inner\">\n\t\t\t\t\t\n\t\t\t\t\t\n\t\t\t\t\t\t\t\t<\/div>\n\t\t<\/div>\n\t\t<\/a>\n\t\t<\/div>\n\t\t\t\t<\/div>\n\t\t\t\t<\/div>\n\t\t\t\t\t<\/div>\n\t\t<\/div>\n\t\t\t\t\t<\/div>\n\t\t<\/section>\n\t\t\t\t<\/div>\n\t\t","protected":false},"excerpt":{"rendered":"<p>Dies ist unsere Botschaft UNSER ZIEL IST EINFACH: WIR WOLLEN MENSCHEN EINZIGARTIGE WOHNERLEBNISSE BIETEN. HERAUSRAGENDES DESIGN, MODERNES INTERIEUR, EIN INTELLIGENTER GRUNDRISS MIT VIEL PLATZ, EINE OPTIMALE LAGE \u2013 GENAU DAS IST UNSERE DEFINITION EINES PERFEKTEN ZUHAUSES. PASSION IST UNSERE GR\u00d6SSTE ST\u00c4RKE UND SIE STEHT IM MITTELPUNKT VON ALLEM WAS WIR TUN. WIR WISSEN N\u00c4MLICH, DASS &hellip;<\/p>\n<p class=\"read-more\"> <a class=\"\" href=\"https:\/\/klam.immo\/de\/manifesto\/\"> <span class=\"screen-reader-text\">Manifesto<\/span> Weiterlesen &raquo;<\/a><\/p>\n","protected":false},"author":3,"featured_media":0,"parent":0,"menu_order":0,"comment_status":"closed","ping_status":"closed","template":"elementor_header_footer","meta":{"_acf_changed":false,"site-sidebar-layout":"no-sidebar","site-content-layout":"page-builder","ast-global-header-display":"","ast-main-header-display":"","ast-hfb-above-header-display":"","ast-hfb-below-header-display":"","ast-hfb-mobile-header-display":"","site-post-title":"disabled","ast-breadcrumbs-content":"","ast-featured-img":"disabled","footer-sml-layout":"","theme-transparent-header-meta":"default","adv-header-id-meta":"","stick-header-meta":"","header-above-stick-meta":"","header-main-stick-meta":"","header-below-stick-meta":"","footnotes":""},"acf":[],"yoast_head":"<!-- This site is optimized with the Yoast SEO plugin v23.5 - https:\/\/yoast.com\/wordpress\/plugins\/seo\/ -->\n<title>Manifesto - KLAM Immobilien<\/title>\n<meta name=\"robots\" content=\"index, follow, max-snippet:-1, max-image-preview:large, max-video-preview:-1\" \/>\n<link rel=\"canonical\" href=\"https:\/\/klam.immo\/de\/manifesto\/\" \/>\n<meta property=\"og:locale\" content=\"de_DE\" \/>\n<meta property=\"og:type\" content=\"article\" \/>\n<meta property=\"og:title\" content=\"Manifesto - KLAM Immobilien\" \/>\n<meta property=\"og:description\" content=\"Dies ist unsere Botschaft UNSER ZIEL IST EINFACH: WIR WOLLEN MENSCHEN EINZIGARTIGE WOHNERLEBNISSE BIETEN. HERAUSRAGENDES DESIGN, MODERNES INTERIEUR, EIN INTELLIGENTER GRUNDRISS MIT VIEL PLATZ, EINE OPTIMALE LAGE \u2013 GENAU DAS IST UNSERE DEFINITION EINES PERFEKTEN ZUHAUSES. PASSION IST UNSERE GR\u00d6SSTE ST\u00c4RKE UND SIE STEHT IM MITTELPUNKT VON ALLEM WAS WIR TUN. WIR WISSEN N\u00c4MLICH, DASS &hellip; Manifesto Weiterlesen &raquo;\" \/>\n<meta property=\"og:url\" content=\"https:\/\/klam.immo\/de\/manifesto\/\" \/>\n<meta property=\"og:site_name\" content=\"KLAM Immobilien\" \/>\n<meta property=\"article:publisher\" content=\"https:\/\/www.facebook.com\/klam.immo\/\" \/>\n<meta property=\"article:modified_time\" content=\"2024-05-27T09:27:39+00:00\" \/>\n<meta property=\"og:image\" content=\"https:\/\/klam.immo\/wp-content\/uploads\/2021\/02\/klam.svg\" \/>\n<meta name=\"twitter:card\" content=\"summary_large_image\" \/>\n<meta name=\"twitter:label1\" content=\"Gesch\u00e4tzte Lesezeit\" \/>\n\t<meta name=\"twitter:data1\" content=\"2\u00a0Minuten\" \/>\n<script type=\"application\/ld+json\" class=\"yoast-schema-graph\">{\"@context\":\"https:\/\/schema.org\",\"@graph\":[{\"@type\":\"WebPage\",\"@id\":\"https:\/\/klam.immo\/de\/manifesto\/\",\"url\":\"https:\/\/klam.immo\/de\/manifesto\/\",\"name\":\"Manifesto - KLAM Immobilien\",\"isPartOf\":{\"@id\":\"https:\/\/klam.immo\/de\/#website\"},\"primaryImageOfPage\":{\"@id\":\"https:\/\/klam.immo\/de\/manifesto\/#primaryimage\"},\"image\":{\"@id\":\"https:\/\/klam.immo\/de\/manifesto\/#primaryimage\"},\"thumbnailUrl\":\"https:\/\/klam.immo\/wp-content\/uploads\/2021\/02\/klam.svg\",\"datePublished\":\"2021-03-25T09:51:04+00:00\",\"dateModified\":\"2024-05-27T09:27:39+00:00\",\"breadcrumb\":{\"@id\":\"https:\/\/klam.immo\/de\/manifesto\/#breadcrumb\"},\"inLanguage\":\"de\",\"potentialAction\":[{\"@type\":\"ReadAction\",\"target\":[\"https:\/\/klam.immo\/de\/manifesto\/\"]}]},{\"@type\":\"ImageObject\",\"inLanguage\":\"de\",\"@id\":\"https:\/\/klam.immo\/de\/manifesto\/#primaryimage\",\"url\":\"https:\/\/klam.immo\/wp-content\/uploads\/2021\/02\/klam.svg\",\"contentUrl\":\"https:\/\/klam.immo\/wp-content\/uploads\/2021\/02\/klam.svg\"},{\"@type\":\"BreadcrumbList\",\"@id\":\"https:\/\/klam.immo\/de\/manifesto\/#breadcrumb\",\"itemListElement\":[{\"@type\":\"ListItem\",\"position\":1,\"name\":\"Startseite\",\"item\":\"https:\/\/klam.immo\/\"},{\"@type\":\"ListItem\",\"position\":2,\"name\":\"Manifesto\"}]},{\"@type\":\"WebSite\",\"@id\":\"https:\/\/klam.immo\/de\/#website\",\"url\":\"https:\/\/klam.immo\/de\/\",\"name\":\"KLAM\",\"description\":\"immo\",\"publisher\":{\"@id\":\"https:\/\/klam.immo\/de\/#organization\"},\"potentialAction\":[{\"@type\":\"SearchAction\",\"target\":{\"@type\":\"EntryPoint\",\"urlTemplate\":\"https:\/\/klam.immo\/de\/?s={search_term_string}\"},\"query-input\":{\"@type\":\"PropertyValueSpecification\",\"valueRequired\":true,\"valueName\":\"search_term_string\"}}],\"inLanguage\":\"de\"},{\"@type\":\"Organization\",\"@id\":\"https:\/\/klam.immo\/de\/#organization\",\"name\":\"KLAM AG\",\"url\":\"https:\/\/klam.immo\/de\/\",\"logo\":{\"@type\":\"ImageObject\",\"inLanguage\":\"de\",\"@id\":\"https:\/\/klam.immo\/de\/#\/schema\/logo\/image\/\",\"url\":\"https:\/\/klam.immo\/wp-content\/uploads\/2020\/10\/iconoKlam.png\",\"contentUrl\":\"https:\/\/klam.immo\/wp-content\/uploads\/2020\/10\/iconoKlam.png\",\"width\":512,\"height\":512,\"caption\":\"KLAM AG\"},\"image\":{\"@id\":\"https:\/\/klam.immo\/de\/#\/schema\/logo\/image\/\"},\"sameAs\":[\"https:\/\/www.facebook.com\/klam.immo\/\",\"https:\/\/www.instagram.com\/klam.immo\/?hl=de\",\"https:\/\/www.linkedin.com\/company\/klam-immo\/?viewAsMember=true\"]}]}<\/script>\n<!-- \/ Yoast SEO plugin. -->","yoast_head_json":{"title":"Manifesto - KLAM Immobilien","robots":{"index":"index","follow":"follow","max-snippet":"max-snippet:-1","max-image-preview":"max-image-preview:large","max-video-preview":"max-video-preview:-1"},"canonical":"https:\/\/klam.immo\/de\/manifesto\/","og_locale":"de_DE","og_type":"article","og_title":"Manifesto - KLAM Immobilien","og_description":"Dies ist unsere Botschaft UNSER ZIEL IST EINFACH: WIR WOLLEN MENSCHEN EINZIGARTIGE WOHNERLEBNISSE BIETEN. HERAUSRAGENDES DESIGN, MODERNES INTERIEUR, EIN INTELLIGENTER GRUNDRISS MIT VIEL PLATZ, EINE OPTIMALE LAGE \u2013 GENAU DAS IST UNSERE DEFINITION EINES PERFEKTEN ZUHAUSES. PASSION IST UNSERE GR\u00d6SSTE ST\u00c4RKE UND SIE STEHT IM MITTELPUNKT VON ALLEM WAS WIR TUN. WIR WISSEN N\u00c4MLICH, DASS &hellip; Manifesto Weiterlesen &raquo;","og_url":"https:\/\/klam.immo\/de\/manifesto\/","og_site_name":"KLAM Immobilien","article_publisher":"https:\/\/www.facebook.com\/klam.immo\/","article_modified_time":"2024-05-27T09:27:39+00:00","og_image":[{"url":"https:\/\/klam.immo\/wp-content\/uploads\/2021\/02\/klam.svg"}],"twitter_card":"summary_large_image","twitter_misc":{"Gesch\u00e4tzte Lesezeit":"2\u00a0Minuten"},"schema":{"@context":"https:\/\/schema.org","@graph":[{"@type":"WebPage","@id":"https:\/\/klam.immo\/de\/manifesto\/","url":"https:\/\/klam.immo\/de\/manifesto\/","name":"Manifesto - KLAM Immobilien","isPartOf":{"@id":"https:\/\/klam.immo\/de\/#website"},"primaryImageOfPage":{"@id":"https:\/\/klam.immo\/de\/manifesto\/#primaryimage"},"image":{"@id":"https:\/\/klam.immo\/de\/manifesto\/#primaryimage"},"thumbnailUrl":"https:\/\/klam.immo\/wp-content\/uploads\/2021\/02\/klam.svg","datePublished":"2021-03-25T09:51:04+00:00","dateModified":"2024-05-27T09:27:39+00:00","breadcrumb":{"@id":"https:\/\/klam.immo\/de\/manifesto\/#breadcrumb"},"inLanguage":"de","potentialAction":[{"@type":"ReadAction","target":["https:\/\/klam.immo\/de\/manifesto\/"]}]},{"@type":"ImageObject","inLanguage":"de","@id":"https:\/\/klam.immo\/de\/manifesto\/#primaryimage","url":"https:\/\/klam.immo\/wp-content\/uploads\/2021\/02\/klam.svg","contentUrl":"https:\/\/klam.immo\/wp-content\/uploads\/2021\/02\/klam.svg"},{"@type":"BreadcrumbList","@id":"https:\/\/klam.immo\/de\/manifesto\/#breadcrumb","itemListElement":[{"@type":"ListItem","position":1,"name":"Startseite","item":"https:\/\/klam.immo\/"},{"@type":"ListItem","position":2,"name":"Manifesto"}]},{"@type":"WebSite","@id":"https:\/\/klam.immo\/de\/#website","url":"https:\/\/klam.immo\/de\/","name":"KLAM","description":"immo","publisher":{"@id":"https:\/\/klam.immo\/de\/#organization"},"potentialAction":[{"@type":"SearchAction","target":{"@type":"EntryPoint","urlTemplate":"https:\/\/klam.immo\/de\/?s={search_term_string}"},"query-input":{"@type":"PropertyValueSpecification","valueRequired":true,"valueName":"search_term_string"}}],"inLanguage":"de"},{"@type":"Organization","@id":"https:\/\/klam.immo\/de\/#organization","name":"KLAM AG","url":"https:\/\/klam.immo\/de\/","logo":{"@type":"ImageObject","inLanguage":"de","@id":"https:\/\/klam.immo\/de\/#\/schema\/logo\/image\/","url":"https:\/\/klam.immo\/wp-content\/uploads\/2020\/10\/iconoKlam.png","contentUrl":"https:\/\/klam.immo\/wp-content\/uploads\/2020\/10\/iconoKlam.png","width":512,"height":512,"caption":"KLAM AG"},"image":{"@id":"https:\/\/klam.immo\/de\/#\/schema\/logo\/image\/"},"sameAs":["https:\/\/www.facebook.com\/klam.immo\/","https:\/\/www.instagram.com\/klam.immo\/?hl=de","https:\/\/www.linkedin.com\/company\/klam-immo\/?viewAsMember=true"]}]}},"_links":{"self":[{"href":"https:\/\/klam.immo\/de\/wp-json\/wp\/v2\/pages\/3251"}],"collection":[{"href":"https:\/\/klam.immo\/de\/wp-json\/wp\/v2\/pages"}],"about":[{"href":"https:\/\/klam.immo\/de\/wp-json\/wp\/v2\/types\/page"}],"author":[{"embeddable":true,"href":"https:\/\/klam.immo\/de\/wp-json\/wp\/v2\/users\/3"}],"replies":[{"embeddable":true,"href":"https:\/\/klam.immo\/de\/wp-json\/wp\/v2\/comments?post=3251"}],"version-history":[{"count":37,"href":"https:\/\/klam.immo\/de\/wp-json\/wp\/v2\/pages\/3251\/revisions"}],"predecessor-version":[{"id":9856,"href":"https:\/\/klam.immo\/de\/wp-json\/wp\/v2\/pages\/3251\/revisions\/9856"}],"wp:attachment":[{"href":"https:\/\/klam.immo\/de\/wp-json\/wp\/v2\/media?parent=3251"}],"curies":[{"name":"wp","href":"https:\/\/api.w.org\/{rel}","templated":true}]}}